{"id":797,"date":"2024-06-18T14:13:22","date_gmt":"2024-06-18T18:13:22","guid":{"rendered":"https:\/\/cimmi.ca\/?page_id=797"},"modified":"2024-08-21T08:54:17","modified_gmt":"2024-08-21T12:54:17","slug":"projects","status":"publish","type":"page","link":"https:\/\/cimmi.ca\/en\/projects\/","title":{"rendered":"Projects"},"content":{"rendered":"<div class=\"htb htb-hero-carrousel   htb-uid-1  bg-color color-blue\">\n\t<div class=\"container-xl\">\n\t\t<div class=\"row\">\n\t\t\t<div class=\"col-md-9\">\n\t\t\t\t<div class=\"text-content\" data-aos=\"fade-up\" data-aos-duration=\"1000\" data-aos-easing=\"ease-in-sine\">\n\t\t\t\t\t<h1>Explore our projects<\/h1>\n\t\t\t\t\t<p>Thanks to its wide-ranging expertise, CIMMI works across all industries, which translates into a variety of projects and added value.<\/p>\n\t\t\t\t<\/div>\n\t\t\t<\/div>\n\t\t<\/div>\n\t\t<div class=\"row\">\n\t\t\t<div class=\"col-12\">\n\t\t\t\t\t\t\t\t\t<div class=\"swiper-container\" data-skin=\"hero\">\n\t\t\t\t\t\t<div class=\"swiper\">\n\t\t\t\t\t\t\t<div class=\"swiper-wrapper\">\n\t\t\t\t\t\t\t\t\t\t\t\t\t\t\t\t\t<div class=\"swiper-slide\">\n\n\n\t\t\t\t\t\t\t\t\t\t<div class=\"row\">\n\t\t\t\t\t\t\t\t\t\t\t<div class=\"col-12\">\n\t\t\t\t\t\t\t\t\t\t\t\t\t\t\t\t\t\t\t\t\t\t\t\t\t<div class=\"img-box\">\n                                                        \t\t\t\t\t\t\t\t\t\t\t\t\t\t<a href=\"https:\/\/www.youtube.com\/watch?v=gIC8LxlDlqE\" class=\"glightbox\">\n\t\t\t\t\t\t\t\t\t\t\t\t\t\t\t<img decoding=\"async\" src=\"https:\/\/cimmi.s3.bhs.io.cloud.ovh.net\/2024\/08\/video-corpo.jpeg\" alt=\"\" class=\"img-fluid\"\/>\n\t\t\t\t\t\t\t\t\t\t\t\t\t\t<\/a>\n                                                        \t\t\t\t\t\t\t\t\t\t\t\t\t<\/div>\n\t\t\t\t\t\t\t\t\t\t\t\t\t\t\t\t\t\t\t\t\t\t\t<\/div>\n\t\t\t\t\t\t\t\t\t\t<\/div>\n\t\t\t\t\t\t\t\t\t<\/div>\n\t\t\t\t\t\t\t\t\t\t\t\t\t\t\t\t\t<div class=\"swiper-slide\">\n\n\n\t\t\t\t\t\t\t\t\t\t<div class=\"row\">\n\t\t\t\t\t\t\t\t\t\t\t<div class=\"col-12\">\n\t\t\t\t\t\t\t\t\t\t\t\t\t\t\t\t\t\t\t\t\t\t\t\t\t<div class=\"img-box\">\n                                                        \t\t\t\t\t\t\t\t\t\t\t\t\t\t<a href=\"https:\/\/www.youtube.com\/watch?v=46EBncV1t1o\" class=\"glightbox\">\n\t\t\t\t\t\t\t\t\t\t\t\t\t\t\t<img decoding=\"async\" src=\"https:\/\/cimmi.s3.bhs.io.cloud.ovh.net\/2024\/08\/video-peche.jpeg\" alt=\"\" class=\"img-fluid\"\/>\n\t\t\t\t\t\t\t\t\t\t\t\t\t\t<\/a>\n                                                        \t\t\t\t\t\t\t\t\t\t\t\t\t<\/div>\n\t\t\t\t\t\t\t\t\t\t\t\t\t\t\t\t\t\t\t\t\t\t\t<\/div>\n\t\t\t\t\t\t\t\t\t\t<\/div>\n\t\t\t\t\t\t\t\t\t<\/div>\n\t\t\t\t\t\t\t\t\t\t\t\t\t\t\t<\/div>\n\t\t\t\t\t\t\t<div class=\"bottom-bts-bullets\">\n\t\t\t\t\t\t\t\t<div class=\"swiper-pagination\"><\/div>\n\t\t\t\t\t\t\t\t<div class=\"bt-all\">\n\t\t\t\t\t\t\t\t\t<a class=\"btn btn-primary\" href=\"https:\/\/www.youtube.com\/user\/CIMMIQC\" target=\"_blank\" title=\"\"  >See all videos<\/a>\n<!--\t\t\t\t\t\t\t\t\t<a href=\"#\" class=\"btn btn-primary\">Voir toutes les vid\u00e9os<\/a>-->\n\t\t\t\t\t\t\t\t<\/div>\n\t\t\t\t\t\t\t<\/div>\n\t\t\t\t\t\t<\/div>\n<!--\t\t\t\t\t\t<div class=\"swiper-nav\">-->\n<!--\t\t\t\t\t\t\t<div class=\"swiper-button swiper-button-prev\"><\/div>-->\n<!--\t\t\t\t\t\t\t<div class=\"swiper-button swiper-button-next\"><\/div>-->\n<!--\t\t\t\t\t\t<\/div>-->\n\t\t\t\t\t<\/div>\n\t\t\t\t\t\t\t<\/div>\n\t\t<\/div>\n\t<\/div>\n<\/div>\n\n\n\n\n\n\n\n\n<div class=\"htb htb-listing-projets   htb-uid-2 \">\n\t<div class=\"bg-color color-white\">\n\t\t<div class=\"container-xl\">\n\t\t\t<div class=\"row\">\n\t\t\t\t<div class=\"col-12\">\n\t\t\t\t\t<h2 class=\"title\">Select the areas of expertise and the fields of application to discover our projects<\/h2>\t\t\t\t\t<div class=\"liste-filtres-box\">\n\t\t\t\t\t\t<h4>Areas of expertise<\/h4>\t\t\t\t\t\t<div id=\"filtres-expertise\" class=\"filtres-box filtres-color-1\">\n\n\t\t\t\t\t\t\t                                \t<div class=\"filtre-box\">\n\t\t\t\t\t\t\t\t\t\t<a id=\"28\" href=\"#\" class=\"filtre-link \">3D Modelling and Engineering<\/a>\n\t\t\t\t\t\t\t\t\t<\/div>\n\n                                                                \t<div class=\"filtre-box\">\n\t\t\t\t\t\t\t\t\t\t<a id=\"27\" href=\"#\" class=\"filtre-link \">Artificial Intelligence<\/a>\n\t\t\t\t\t\t\t\t\t<\/div>\n\n                                                                \t<div class=\"filtre-box\">\n\t\t\t\t\t\t\t\t\t\t<a id=\"32\" href=\"#\" class=\"filtre-link \">Computer Vision and Image Analysis<\/a>\n\t\t\t\t\t\t\t\t\t<\/div>\n\n                                                                \t<div class=\"filtre-box\">\n\t\t\t\t\t\t\t\t\t\t<a id=\"29\" href=\"#\" class=\"filtre-link \">Internet of Things<\/a>\n\t\t\t\t\t\t\t\t\t<\/div>\n\n                                                                \t<div class=\"filtre-box\">\n\t\t\t\t\t\t\t\t\t\t<a id=\"31\" href=\"#\" class=\"filtre-link \">Simulation and Digital Twins<\/a>\n\t\t\t\t\t\t\t\t\t<\/div>\n\n                                                                \t<div class=\"filtre-box\">\n\t\t\t\t\t\t\t\t\t\t<a id=\"30\" href=\"#\" class=\"filtre-link \">Virtual and Augmented Reality<\/a>\n\t\t\t\t\t\t\t\t\t<\/div>\n\n                                                                \t<div class=\"filtre-box\">\n\t\t\t\t\t\t\t\t\t\t<a id=\"26\" href=\"#\" class=\"filtre-link \">Web and mobile applications<\/a>\n\t\t\t\t\t\t\t\t\t<\/div>\n\n                                \n\n\t\t\t\t\t\t\t\n\t\t\t\t\t\t<\/div>\n\t\t\t\t\t<\/div>\n\t\t\t\t\t<div class=\"liste-filtres-box\">\n\t\t\t\t\t\t<h4>Fields of application:<\/h4>\t\t\t\t\t\t<div id=\"filtres-domaine\" class=\"filtres-box filtres-color-2\">\n\t\t\t\t\t\t\t                                \t<div class=\"filtre-box\">\n\t\t\t\t\t\t\t\t\t\t<a id=\"33\" href=\"#\" class=\"filtre-link \">Aerospace and Defence<\/a>\n\t\t\t\t\t\t\t\t\t<\/div>\n\n                                                                \t<div class=\"filtre-box\">\n\t\t\t\t\t\t\t\t\t\t<a id=\"37\" href=\"#\" class=\"filtre-link \">Digital Health<\/a>\n\t\t\t\t\t\t\t\t\t<\/div>\n\n                                                                \t<div class=\"filtre-box\">\n\t\t\t\t\t\t\t\t\t\t<a id=\"34\" href=\"#\" class=\"filtre-link \">Environment and Sustainable Development<\/a>\n\t\t\t\t\t\t\t\t\t<\/div>\n\n                                                                \t<div class=\"filtre-box\">\n\t\t\t\t\t\t\t\t\t\t<a id=\"36\" href=\"#\" class=\"filtre-link \">Industry 4.0\/5.0<\/a>\n\t\t\t\t\t\t\t\t\t<\/div>\n\n                                                                \t<div class=\"filtre-box\">\n\t\t\t\t\t\t\t\t\t\t<a id=\"35\" href=\"#\" class=\"filtre-link \">Interactive Training<\/a>\n\t\t\t\t\t\t\t\t\t<\/div>\n\n                                                                \t<div class=\"filtre-box\">\n\t\t\t\t\t\t\t\t\t\t<a id=\"38\" href=\"#\" class=\"filtre-link \">Sport, Art and Culture<\/a>\n\t\t\t\t\t\t\t\t\t<\/div>\n\n                                                                \t<div class=\"filtre-box\">\n\t\t\t\t\t\t\t\t\t\t<a id=\"39\" href=\"#\" class=\"filtre-link \">Transport and Mobility<\/a>\n\t\t\t\t\t\t\t\t\t<\/div>\n\n                                \t\t\t\t\t\t<\/div>\n\t\t\t\t\t<\/div>\n\t\t\t\t<\/div>\n\t\t\t<\/div>\n\t\t<\/div>\n\t<\/div>\n\t<div class=\"bg-color color-lila tableau-projet\" id=\"resultats\">\n\t\t<div class=\"container-fluid\">\n\t\t\t<div id=\"projects-list\" class=\"row\">\n\t\t\t\t<!-- Fourni par l'ajax -->\n\t\t\t<\/div>\n\t\t\t<div class=\"hpl-loading hide\">\n\t\t\t\t<p>Chargement&#8230;<\/p>\n\t\t\t\t<div class=\"loading-spinner\"><\/div>\n\t\t\t<\/div>\n\t\t\t<div class=\"hpl-noresults hide\">\n\t\t\t\t<p>Aucun r\u00e9sultat, d\u00e9sol\u00e9!<\/p>\n\t\t\t<\/div>\n\t\t\t<div id=\"pagination-wrapper\" class=\"row hidden\">\n\t\t\t\t<div class=\"col-12\">\n\t\t\t\t\t<nav aria-label=\"Page navigation\">\n\t\t\t\t\t\t<ul id=\"pagination\" class=\"pagination\">\n\t\t\t\t\t\t\t<!-- Fourni par l'ajax -->\n\t\t\t\t\t\t<\/ul>\n\t\t\t\t\t<\/nav>\n\t\t\t\t<\/div>\n\t\t\t<\/div>\n\t\t<\/div>\n\n\t<\/div>\n\n<\/div>\n\n\n<div class=\"htb htb-texte-image    htb-uid-3  bg-color color-red bg-back pic_right\" style=\"background-image: url(https:\/\/cimmi.s3.bhs.io.cloud.ovh.net\/2024\/06\/apropos-equipe-img-1-1.svg);\" >\n\t<div class=\"container-xl\">\n\t\t<div class=\"row align-items-center\">\n\t\t\t<div class=\"col-md-5 col-image order-md-2 offset-md-2\">\n\t\t\t\t\t\t\t<\/div>\n\t\t\t<div class=\"col-md-5 col-text  order-1\">\n\t\t\t\t<div class=\"content-box\" data-aos=\"fade-up\" data-aos-duration=\"1000\" data-aos-offset=\"100\" data-aos-easing=\"ease-in-sine\">\n\t\t\t\t\t<h2 class=\"title\">Do these projects inspire you?<\/h2>\t\t\t\t\t<p>Do you have a technological challenge you want to<br \/>\naddress?<\/p>\n\t\t\t\t\t<div class=\"bts-box\"><a class=\"btn btn-secondary\" href=\"https:\/\/cimmi.ca\/en\/contact-us\/\" target=\"\" title=\"Contactez-nous\"  >Contact us!<\/a>\n<\/div>\n\t\t\t\t<\/div>\n\t\t\t<\/div>\n\t\t<\/div>\n\t<\/div>\n<\/div>\n\n\n<div class=\"htb htb-bg-color   htb-uid-6  bg-color color-white\" >\n\t\n<div class=\"wp-bootstrap-blocks-container container-xl mb-0\">\n\t\n\n<h2 class=\"wp-block-heading\">Access advantageous funding programs<\/h2>\n\n\n<div class=\"wp-bootstrap-blocks-row row\">\n\t\n\n<div class=\"col-12 col-xl-9\">\n\t\t\t\n\n<p>Working with CIMMI gives you advantageous access to several sources of funding. After assessing and validating your needs, we will help you find grants for digital transformation projects. Through provincial and federal programs, you could obtain financial support for your innovative research and development projects.<\/p>\n\n\n<div class=\"htb htb-espacement-custom espacement-primary   htb-uid-4 \"><\/div>\n\n<div class=\"htb htb-boutton   htb-uid-5  \">\n\t<a class=\"btn btn-primary\" href=\"https:\/\/cimmi.ca\/en\/funding\/\" target=\"\" title=\"Funding\"  >See funding opportunities<\/a>\n<\/div>\n\t<\/div>\n\n<\/div>\n\n<\/div>\n\n\n<\/div>","protected":false},"excerpt":{"rendered":"","protected":false},"author":1,"featured_media":0,"parent":0,"menu_order":0,"comment_status":"closed","ping_status":"closed","template":"","meta":{"_acf_changed":false,"footnotes":""},"class_list":["post-797","page","type-page","status-publish","hentry"],"acf":[],"yoast_head":"<!-- This site is optimized with the Yoast SEO plugin v27.4 - https:\/\/yoast.com\/product\/yoast-seo-wordpress\/ -->\n<title>CIMMI: Over 600 Innovative Projects Delivered!<\/title>\n<meta name=\"description\" content=\"Explore our projects and find inspiration in our advanced technological solutions for all sectors.\" \/>\n<meta name=\"robots\" content=\"index, follow, max-snippet:-1, max-image-preview:large, max-video-preview:-1\" \/>\n<link rel=\"canonical\" href=\"https:\/\/cimmi.ca\/en\/projects\/\" \/>\n<meta property=\"og:locale\" content=\"en_US\" \/>\n<meta property=\"og:type\" content=\"article\" \/>\n<meta property=\"og:title\" content=\"CIMMI: Over 600 Innovative Projects Delivered!\" \/>\n<meta property=\"og:description\" content=\"Explore our projects and find inspiration in our advanced technological solutions for all sectors.\" \/>\n<meta property=\"og:url\" content=\"https:\/\/cimmi.ca\/en\/projects\/\" \/>\n<meta property=\"og:site_name\" content=\"Cimmi\" \/>\n<meta property=\"article:publisher\" content=\"https:\/\/www.facebook.com\/cimmi.ca\/\" \/>\n<meta property=\"article:modified_time\" content=\"2024-08-21T12:54:17+00:00\" \/>\n<meta property=\"og:image\" content=\"https:\/\/cimmi.s3.bhs.io.cloud.ovh.net\/2024\/10\/cimmi-logovertical-rgb.png\" \/>\n\t<meta property=\"og:image:width\" content=\"1321\" \/>\n\t<meta property=\"og:image:height\" content=\"1778\" \/>\n\t<meta property=\"og:image:type\" content=\"image\/png\" \/>\n<meta name=\"twitter:card\" content=\"summary_large_image\" \/>\n<meta name=\"twitter:label1\" content=\"Est. reading time\" \/>\n\t<meta name=\"twitter:data1\" content=\"1 minute\" \/>\n<script type=\"application\/ld+json\" class=\"yoast-schema-graph\">{\"@context\":\"https:\\\/\\\/schema.org\",\"@graph\":[{\"@type\":\"WebPage\",\"@id\":\"https:\\\/\\\/cimmi.ca\\\/en\\\/projects\\\/\",\"url\":\"https:\\\/\\\/cimmi.ca\\\/en\\\/projects\\\/\",\"name\":\"CIMMI: Over 600 Innovative Projects Delivered!\",\"isPartOf\":{\"@id\":\"https:\\\/\\\/cimmi.ca\\\/en\\\/#website\"},\"datePublished\":\"2024-06-18T18:13:22+00:00\",\"dateModified\":\"2024-08-21T12:54:17+00:00\",\"description\":\"Explore our projects and find inspiration in our advanced technological solutions for all sectors.\",\"breadcrumb\":{\"@id\":\"https:\\\/\\\/cimmi.ca\\\/en\\\/projects\\\/#breadcrumb\"},\"inLanguage\":\"en-US\",\"potentialAction\":[{\"@type\":\"ReadAction\",\"target\":[\"https:\\\/\\\/cimmi.ca\\\/en\\\/projects\\\/\"]}]},{\"@type\":\"BreadcrumbList\",\"@id\":\"https:\\\/\\\/cimmi.ca\\\/en\\\/projects\\\/#breadcrumb\",\"itemListElement\":[{\"@type\":\"ListItem\",\"position\":1,\"name\":\"Home\",\"item\":\"https:\\\/\\\/cimmi.ca\\\/en\\\/\"},{\"@type\":\"ListItem\",\"position\":2,\"name\":\"Projects\"}]},{\"@type\":\"WebSite\",\"@id\":\"https:\\\/\\\/cimmi.ca\\\/en\\\/#website\",\"url\":\"https:\\\/\\\/cimmi.ca\\\/en\\\/\",\"name\":\"CIMMI\",\"description\":\"Imagerie et Exp\u00e9rience Interactive\",\"publisher\":{\"@id\":\"https:\\\/\\\/cimmi.ca\\\/en\\\/#organization\"},\"alternateName\":\"Centre en imagerie num\u00e9rique et m\u00e9dias interactifs\",\"potentialAction\":[{\"@type\":\"SearchAction\",\"target\":{\"@type\":\"EntryPoint\",\"urlTemplate\":\"https:\\\/\\\/cimmi.ca\\\/en\\\/?s={search_term_string}\"},\"query-input\":{\"@type\":\"PropertyValueSpecification\",\"valueRequired\":true,\"valueName\":\"search_term_string\"}}],\"inLanguage\":\"en-US\"},{\"@type\":\"Organization\",\"@id\":\"https:\\\/\\\/cimmi.ca\\\/en\\\/#organization\",\"name\":\"CIMMI\",\"alternateName\":\"Centre en imagerie num\u00e9rique et m\u00e9dias interactifs\",\"url\":\"https:\\\/\\\/cimmi.ca\\\/en\\\/\",\"logo\":{\"@type\":\"ImageObject\",\"inLanguage\":\"en-US\",\"@id\":\"https:\\\/\\\/cimmi.ca\\\/en\\\/#\\\/schema\\\/logo\\\/image\\\/\",\"url\":\"https:\\\/\\\/cimmi.s3.bhs.io.cloud.ovh.net\\\/2024\\\/10\\\/cimmi-logovertical-rgb.png\",\"contentUrl\":\"https:\\\/\\\/cimmi.s3.bhs.io.cloud.ovh.net\\\/2024\\\/10\\\/cimmi-logovertical-rgb.png\",\"width\":1321,\"height\":1778,\"caption\":\"CIMMI\"},\"image\":{\"@id\":\"https:\\\/\\\/cimmi.ca\\\/en\\\/#\\\/schema\\\/logo\\\/image\\\/\"},\"sameAs\":[\"https:\\\/\\\/www.facebook.com\\\/cimmi.ca\\\/\",\"https:\\\/\\\/www.linkedin.com\\\/company\\\/cimmi\\\/\",\"https:\\\/\\\/www.youtube.com\\\/user\\\/CIMMIQC\"]}]}<\/script>\n<!-- \/ Yoast SEO plugin. -->","yoast_head_json":{"title":"CIMMI: Over 600 Innovative Projects Delivered!","description":"Explore our projects and find inspiration in our advanced technological solutions for all sectors.","robots":{"index":"index","follow":"follow","max-snippet":"max-snippet:-1","max-image-preview":"max-image-preview:large","max-video-preview":"max-video-preview:-1"},"canonical":"https:\/\/cimmi.ca\/en\/projects\/","og_locale":"en_US","og_type":"article","og_title":"CIMMI: Over 600 Innovative Projects Delivered!","og_description":"Explore our projects and find inspiration in our advanced technological solutions for all sectors.","og_url":"https:\/\/cimmi.ca\/en\/projects\/","og_site_name":"Cimmi","article_publisher":"https:\/\/www.facebook.com\/cimmi.ca\/","article_modified_time":"2024-08-21T12:54:17+00:00","og_image":[{"width":1321,"height":1778,"url":"https:\/\/cimmi.s3.bhs.io.cloud.ovh.net\/2024\/10\/cimmi-logovertical-rgb.png","type":"image\/png"}],"twitter_card":"summary_large_image","twitter_misc":{"Est. reading time":"1 minute"},"schema":{"@context":"https:\/\/schema.org","@graph":[{"@type":"WebPage","@id":"https:\/\/cimmi.ca\/en\/projects\/","url":"https:\/\/cimmi.ca\/en\/projects\/","name":"CIMMI: Over 600 Innovative Projects Delivered!","isPartOf":{"@id":"https:\/\/cimmi.ca\/en\/#website"},"datePublished":"2024-06-18T18:13:22+00:00","dateModified":"2024-08-21T12:54:17+00:00","description":"Explore our projects and find inspiration in our advanced technological solutions for all sectors.","breadcrumb":{"@id":"https:\/\/cimmi.ca\/en\/projects\/#breadcrumb"},"inLanguage":"en-US","potentialAction":[{"@type":"ReadAction","target":["https:\/\/cimmi.ca\/en\/projects\/"]}]},{"@type":"BreadcrumbList","@id":"https:\/\/cimmi.ca\/en\/projects\/#breadcrumb","itemListElement":[{"@type":"ListItem","position":1,"name":"Home","item":"https:\/\/cimmi.ca\/en\/"},{"@type":"ListItem","position":2,"name":"Projects"}]},{"@type":"WebSite","@id":"https:\/\/cimmi.ca\/en\/#website","url":"https:\/\/cimmi.ca\/en\/","name":"CIMMI","description":"Imagerie et Exp\u00e9rience Interactive","publisher":{"@id":"https:\/\/cimmi.ca\/en\/#organization"},"alternateName":"Centre en imagerie num\u00e9rique et m\u00e9dias interactifs","potentialAction":[{"@type":"SearchAction","target":{"@type":"EntryPoint","urlTemplate":"https:\/\/cimmi.ca\/en\/?s={search_term_string}"},"query-input":{"@type":"PropertyValueSpecification","valueRequired":true,"valueName":"search_term_string"}}],"inLanguage":"en-US"},{"@type":"Organization","@id":"https:\/\/cimmi.ca\/en\/#organization","name":"CIMMI","alternateName":"Centre en imagerie num\u00e9rique et m\u00e9dias interactifs","url":"https:\/\/cimmi.ca\/en\/","logo":{"@type":"ImageObject","inLanguage":"en-US","@id":"https:\/\/cimmi.ca\/en\/#\/schema\/logo\/image\/","url":"https:\/\/cimmi.s3.bhs.io.cloud.ovh.net\/2024\/10\/cimmi-logovertical-rgb.png","contentUrl":"https:\/\/cimmi.s3.bhs.io.cloud.ovh.net\/2024\/10\/cimmi-logovertical-rgb.png","width":1321,"height":1778,"caption":"CIMMI"},"image":{"@id":"https:\/\/cimmi.ca\/en\/#\/schema\/logo\/image\/"},"sameAs":["https:\/\/www.facebook.com\/cimmi.ca\/","https:\/\/www.linkedin.com\/company\/cimmi\/","https:\/\/www.youtube.com\/user\/CIMMIQC"]}]}},"_links":{"self":[{"href":"https:\/\/cimmi.ca\/en\/wp-json\/wp\/v2\/pages\/797","targetHints":{"allow":["GET"]}}],"collection":[{"href":"https:\/\/cimmi.ca\/en\/wp-json\/wp\/v2\/pages"}],"about":[{"href":"https:\/\/cimmi.ca\/en\/wp-json\/wp\/v2\/types\/page"}],"author":[{"embeddable":true,"href":"https:\/\/cimmi.ca\/en\/wp-json\/wp\/v2\/users\/1"}],"replies":[{"embeddable":true,"href":"https:\/\/cimmi.ca\/en\/wp-json\/wp\/v2\/comments?post=797"}],"version-history":[{"count":6,"href":"https:\/\/cimmi.ca\/en\/wp-json\/wp\/v2\/pages\/797\/revisions"}],"predecessor-version":[{"id":1416,"href":"https:\/\/cimmi.ca\/en\/wp-json\/wp\/v2\/pages\/797\/revisions\/1416"}],"wp:attachment":[{"href":"https:\/\/cimmi.ca\/en\/wp-json\/wp\/v2\/media?parent=797"}],"curies":[{"name":"wp","href":"https:\/\/api.w.org\/{rel}","templated":true}]}}