{"id":745,"date":"2024-06-11T13:57:51","date_gmt":"2024-06-11T17:57:51","guid":{"rendered":"https:\/\/cimmi.ca\/?page_id=745"},"modified":"2024-08-21T09:15:46","modified_gmt":"2024-08-21T13:15:46","slug":"about","status":"publish","type":"page","link":"https:\/\/cimmi.ca\/en\/about\/","title":{"rendered":"About"},"content":{"rendered":"<div class=\"htb htb-hero   htb-uid-1  bg-color color-blue \" >\n\t<div class=\"container-xl\">\n\t\t<div class=\"row align-items-center justify-content-center\">\n\t\t\t<div class=\"col-12 order-2 order-sm-1\">\n\t\t\t\t<div class=\"content-box\" data-aos=\"fade-up\" data-aos-duration=\"1000\" data-aos-easing=\"ease-in-sine\">\n\t\t\t\t\t<h1>CIMMI: A centre for innovation and applied research<\/h1>\t\t\t\t\t<p>The Centre en imagerie num\u00e9rique et m\u00e9dias interactifs (CIMMI) is a college centre for the transfer of technology (CCTT) located in the research pavilion of C\u00e9gep de Sainte-Foy in Qu\u00e9bec City. Founded in 2008, CIMMI is a member of the <a href=\"https:\/\/reseaucctt.ca\/en\" rel=\"noopener\" target=\"_blank\">Synchronex network<\/a> of 59 centres of expertise across Qu\u00e9bec.<\/p>\n\t\t\t\t\t\t\t\t\t<\/div>\n\t\t\t<\/div>\n\t\t\t<div class=\"col-12 col-sm-3 offset-md-1 order-1 order-sm-2\">\n\t\t\t\t\t\t\t<\/div>\n\t\t<\/div>\n\t<\/div>\n\n<\/div>\n\n\n<div class=\"htb htb-texte-image    htb-uid-2  bg-color color-lila bg-back pic_right\" style=\"background-image: url(https:\/\/cimmi.s3.bhs.io.cloud.ovh.net\/2024\/06\/mission-img-1.svg);\" >\n\t<div class=\"container-xl\">\n\t\t<div class=\"row align-items-center\">\n\t\t\t<div class=\"col-md-5 col-image order-md-2 offset-md-2\">\n\t\t\t\t\t\t\t<\/div>\n\t\t\t<div class=\"col-md-5 col-text  order-1\">\n\t\t\t\t<div class=\"content-box\" data-aos=\"fade-up\" data-aos-duration=\"1000\" data-aos-offset=\"100\" data-aos-easing=\"ease-in-sine\">\n\t\t\t\t\t<h2 class=\"title\">Mission<\/h2>\t\t\t\t\t<p>CIMMI&#8217;s mission is to support the innovation e\ufb00orts of companies and public institutions in Qu\u00e9bec and Canada by proposing innovative solutions in the many fields of digital technologies.<\/p>\n\t\t\t\t\t<div class=\"bts-box\"><\/div>\n\t\t\t\t<\/div>\n\t\t\t<\/div>\n\t\t<\/div>\n\t<\/div>\n<\/div>\n\n\n<div class=\"htb htb-bg-color   htb-uid-3  bg-color color-white\" >\n\t\n<div class=\"wp-bootstrap-blocks-container container mb-0\">\n\t\n\n<h2 class=\"wp-block-heading\"><strong>Vision and values<\/strong><\/h2>\n\n\n<div class=\"wp-bootstrap-blocks-row row\">\n\t\n\n<div class=\"col-12 col-md-6\">\n\t\t\t\n\n<p>Be a leader and major player in applied research to support companies in their innovation efforts and help them move from idea to market.<\/p>\n\n\t<\/div>\n\n\n\n<div class=\"col-12 col-md-6\">\n\t\t\t\t<\/div>\n\n<\/div>\n\n\n\n<div style=\"height:30px\" aria-hidden=\"true\" class=\"wp-block-spacer\"><\/div>\n\n\n\n<h3 class=\"wp-block-heading\"><strong>CIMMI\u2019s values<\/strong> are founded on the following principles:<\/h3>\n\n\n<div class=\"wp-bootstrap-blocks-row row\">\n\t\n\n<div class=\"col-12 col-md-4 col-lg-2\">\n\t\t\t\n\n<h5 class=\"wp-block-heading\">Respect<\/h5>\n\n\n\n<p>Respect for our staff, our clients and our commitments.<\/p>\n\n\t<\/div>\n\n\n\n<div class=\"col-12 col-md-4 col-lg-2\">\n\t\t\t\n\n<h5 class=\"wp-block-heading\"><strong>Inclusiveness<\/strong><\/h5>\n\n\n\n<p>An environment where all people are considered equally and have access to the same opportunities.<\/p>\n\n\t<\/div>\n\n\n\n<div class=\"col-12 col-md-4 col-lg-2\">\n\t\t\t\n\n<h5 class=\"wp-block-heading\"><strong>Creativity<\/strong><\/h5>\n\n\n\n<p>Simple answers tailored to complex problems.<\/p>\n\n\t<\/div>\n\n\n\n<div class=\"col-12 col-md-4 col-lg-2\">\n\t\t\t\n\n<h5 class=\"wp-block-heading\"><strong>Agility<\/strong><\/h5>\n\n\n\n<p>Agility in projects, promptness in responding to client needs and rigorous, personalised project monitoring.<\/p>\n\n\t<\/div>\n\n\n\n<div class=\"col-12 col-md-4 col-lg-2\">\n\t\t\t\n\n<h5 class=\"wp-block-heading\"><strong>Collegiality<\/strong><\/h5>\n\n\n\n<p>Team spirit and a stimulating work environment.<\/p>\n\n\t<\/div>\n\n<\/div>\n\n<\/div>\n\n\n<\/div>\n\n\n<div class=\"htb htb-bg-color   htb-uid-9  bg-color color-lila\" >\n\t\n<div class=\"wp-bootstrap-blocks-container container mb-0\">\n\t\n<div class=\"wp-bootstrap-blocks-row row\">\n\t\n\n<div class=\"col-12 col-md-6 col-lg-4\">\n\t\t\t\n\n<h2 class=\"wp-block-heading\">CIMMI by the numbers<\/h2>\n\n\t<\/div>\n\n\n\n<div class=\"col-12 col-md-6 col-lg-4\">\n\t\t\t\n<div class=\"htb htb-icone-texte   htb-uid-4 \">\n\t<div class=\"icone-texte-box\">\n\t\t\t\t\t<div class=\"img-box\">\n\t\t\t\t<img decoding=\"async\" src=\"https:\/\/cimmi.s3.bhs.io.cloud.ovh.net\/2024\/06\/icone-1-2.svg\" alt=\"\" class=\"img-fluid\">\n\t\t\t<\/div>\n\t\t\t\t<div class=\"content-box\">\n\t\t\t<h3 class=\"title\">15 years of expertise<\/h3>\t\t\t\t\t<\/div>\n\t<\/div>\n<\/div>\n\n\t<\/div>\n\n\n\n<div class=\"col-12 col-md-6 col-lg-4\">\n\t\t\t\n<div class=\"htb htb-icone-texte   htb-uid-5 \">\n\t<div class=\"icone-texte-box\">\n\t\t\t\t\t<div class=\"img-box\">\n\t\t\t\t<img decoding=\"async\" src=\"https:\/\/cimmi.s3.bhs.io.cloud.ovh.net\/2024\/06\/icone-1-2.svg\" alt=\"\" class=\"img-fluid\">\n\t\t\t<\/div>\n\t\t\t\t<div class=\"content-box\">\n\t\t\t<h3 class=\"title\">20 full-time employees<\/h3>\t\t\t\t\t<\/div>\n\t<\/div>\n<\/div>\n\n\t<\/div>\n\n\n\n<div class=\"col-12 col-md-6 col-lg-4\">\n\t\t\t\n<div class=\"htb htb-icone-texte   htb-uid-6 \">\n\t<div class=\"icone-texte-box\">\n\t\t\t\t\t<div class=\"img-box\">\n\t\t\t\t<img decoding=\"async\" src=\"https:\/\/cimmi.s3.bhs.io.cloud.ovh.net\/2024\/06\/icone-1-2.svg\" alt=\"\" class=\"img-fluid\">\n\t\t\t<\/div>\n\t\t\t\t<div class=\"content-box\">\n\t\t\t<h3 class=\"title\">600 completed projects in applied research and development and in technical assistance<\/h3>\t\t\t\t\t<\/div>\n\t<\/div>\n<\/div>\n\n\t<\/div>\n\n\n\n<div class=\"col-12 col-md-6 col-lg-4\">\n\t\t\t\n<div class=\"htb htb-icone-texte   htb-uid-7 \">\n\t<div class=\"icone-texte-box\">\n\t\t\t\t\t<div class=\"img-box\">\n\t\t\t\t<img decoding=\"async\" src=\"https:\/\/cimmi.s3.bhs.io.cloud.ovh.net\/2024\/06\/icone-1-2.svg\" alt=\"\" class=\"img-fluid\">\n\t\t\t<\/div>\n\t\t\t\t<div class=\"content-box\">\n\t\t\t<h3 class=\"title\">70% SMEs and 10% major corporations make up our clientele<\/h3>\t\t\t\t\t<\/div>\n\t<\/div>\n<\/div>\n\n\t<\/div>\n\n\n\n<div class=\"col-12 col-md-6 col-lg-4\">\n\t\t\t\n<div class=\"htb htb-icone-texte   htb-uid-8 \">\n\t<div class=\"icone-texte-box\">\n\t\t\t\t\t<div class=\"img-box\">\n\t\t\t\t<img decoding=\"async\" src=\"https:\/\/cimmi.s3.bhs.io.cloud.ovh.net\/2024\/06\/icone-1-2.svg\" alt=\"\" class=\"img-fluid\">\n\t\t\t<\/div>\n\t\t\t\t<div class=\"content-box\">\n\t\t\t<h3 class=\"title\">2,400 partners specialising in technological and social innovation<\/h3>\t\t\t\t\t<\/div>\n\t<\/div>\n<\/div>\n\n\t<\/div>\n\n<\/div>\n\n<\/div>\n\n\n<\/div>\n\n\n<div class=\"htb htb-texte-image    htb-uid-10  bg-color color-red bg-back pic_right\" style=\"background-image: url(https:\/\/cimmi.s3.bhs.io.cloud.ovh.net\/2024\/06\/apropos-equipe-img-1-1.svg);\" >\n\t<div class=\"container-xl\">\n\t\t<div class=\"row align-items-center\">\n\t\t\t<div class=\"col-md-5 col-image order-md-2 offset-md-2\">\n\t\t\t\t\t\t\t<\/div>\n\t\t\t<div class=\"col-md-5 col-text  order-1\">\n\t\t\t\t<div class=\"content-box\" data-aos=\"fade-up\" data-aos-duration=\"1000\" data-aos-offset=\"100\" data-aos-easing=\"ease-in-sine\">\n\t\t\t\t\t<h2 class=\"title\">A multidisciplinary team dedicated to technology<\/h2>\t\t\t\t\t\t\t\t\t\t<div class=\"bts-box\"><a class=\"btn btn-secondary\" href=\"https:\/\/cimmi.ca\/en\/expertise\/\" target=\"\" title=\"Expertise\"  >Meet our team of experts<\/a>\n<\/div>\n\t\t\t\t<\/div>\n\t\t\t<\/div>\n\t\t<\/div>\n\t<\/div>\n<\/div>\n\n\n<div class=\"htb htb-bg-color   htb-uid-11  bg-color color-white\" >\n\t\n<div class=\"wp-bootstrap-blocks-container container-xl mb-0\">\n\t\n\n<h2 class=\"wp-block-heading\"><strong>Board of directors<\/strong><\/h2>\n\n\n<div class=\"wp-bootstrap-blocks-row row\">\n\t\n\n<div class=\"col-12 col-md-6\">\n\t\t\t\n\n<p><strong>Alain Bouchard<\/strong>, Chair<br>Coveo<\/p>\n\n\n\n<p><strong>Louis Bussi\u00e8re<\/strong>, Vice-Chair<br>C\u00e9gep de Sainte-Foy<\/p>\n\n\n\n<p><strong>Marie-Andr\u00e9e Gingras<\/strong>, Director<br>C\u00e9gep de Sainte-Foy<\/p>\n\n\n\n<p><strong>Sonya Delisle<\/strong>, Director<br>Creaform<\/p>\n\n\t<\/div>\n\n\n\n<div class=\"col-12 col-md-6\">\n\t\t\t\n\n<p><strong>Patrice Lemay<\/strong>, Director<br>CHU de Qu\u00e9bec\u2013Universit\u00e9 Laval<\/p>\n\n\n\n<p><strong>Jean-Fran\u00e7ois Lalonde<\/strong>, Director<br>Universit\u00e9 Laval<\/p>\n\n\n\n<p><strong>Pierre Desrosiers<\/strong>, Director<br>Retired, Soges-Tech<\/p>\n\n\n\n<p><strong>Simon Duchesne<\/strong>, Director<br>Institut universitaire de cardiologie et de pneumologie de Qu\u00e9bec, Universit\u00e9 Laval<\/p>\n\n\t<\/div>\n\n<\/div>\n\n<\/div>\n\n\n<\/div>\n\n\n<div class=\"htb htb-bg-color   htb-uid-13  bg-color color-gray\" >\n\t\n<div class=\"wp-bootstrap-blocks-container container-xl mb-0\">\n\t\n\n<h2 class=\"wp-block-heading\"><strong>Protection of personal information<\/strong><\/h2>\n\n\n<div class=\"htb htb-boutton   htb-uid-12  \">\n\t<a class=\"btn btn-primary\" href=\"https:\/\/cimmi.ca\/en\/policy-governing-the-protection-of-personal-information\/\" target=\"\" title=\"Policy governing the protection of personal information\"  >Consult our Policy<\/a>\n<\/div>\n<\/div>\n\n\n<\/div>","protected":false},"excerpt":{"rendered":"","protected":false},"author":1,"featured_media":0,"parent":0,"menu_order":0,"comment_status":"closed","ping_status":"closed","template":"","meta":{"_acf_changed":false,"footnotes":""},"class_list":["post-745","page","type-page","status-publish","hentry"],"acf":[],"yoast_head":"<!-- This site is optimized with the Yoast SEO plugin v27.4 - https:\/\/yoast.com\/product\/yoast-seo-wordpress\/ -->\n<title>CIMMI: A Center for Innovation and Applied Research<\/title>\n<meta name=\"description\" content=\"Finding ingenious technological solutions to your complex challenges: that\u2019swhat CIMMI, the Digital Imaging and Interactive Media Center, does.\" \/>\n<meta name=\"robots\" content=\"index, follow, max-snippet:-1, max-image-preview:large, max-video-preview:-1\" \/>\n<link rel=\"canonical\" href=\"https:\/\/cimmi.ca\/en\/about\/\" \/>\n<meta property=\"og:locale\" content=\"en_US\" \/>\n<meta property=\"og:type\" content=\"article\" \/>\n<meta property=\"og:title\" content=\"CIMMI: A Center for Innovation and Applied Research\" \/>\n<meta property=\"og:description\" content=\"Finding ingenious technological solutions to your complex challenges: that\u2019swhat CIMMI, the Digital Imaging and Interactive Media Center, does.\" \/>\n<meta property=\"og:url\" content=\"https:\/\/cimmi.ca\/en\/about\/\" \/>\n<meta property=\"og:site_name\" content=\"Cimmi\" \/>\n<meta property=\"article:publisher\" content=\"https:\/\/www.facebook.com\/cimmi.ca\/\" \/>\n<meta property=\"article:modified_time\" content=\"2024-08-21T13:15:46+00:00\" \/>\n<meta property=\"og:image\" content=\"https:\/\/cimmi.s3.bhs.io.cloud.ovh.net\/2024\/10\/cimmi-logovertical-rgb.png\" \/>\n\t<meta property=\"og:image:width\" content=\"1321\" \/>\n\t<meta property=\"og:image:height\" content=\"1778\" \/>\n\t<meta property=\"og:image:type\" content=\"image\/png\" \/>\n<meta name=\"twitter:card\" content=\"summary_large_image\" \/>\n<meta name=\"twitter:label1\" content=\"Est. reading time\" \/>\n\t<meta name=\"twitter:data1\" content=\"1 minute\" \/>\n<script type=\"application\/ld+json\" class=\"yoast-schema-graph\">{\"@context\":\"https:\\\/\\\/schema.org\",\"@graph\":[{\"@type\":\"WebPage\",\"@id\":\"https:\\\/\\\/cimmi.ca\\\/en\\\/about\\\/\",\"url\":\"https:\\\/\\\/cimmi.ca\\\/en\\\/about\\\/\",\"name\":\"CIMMI: A Center for Innovation and Applied Research\",\"isPartOf\":{\"@id\":\"https:\\\/\\\/cimmi.ca\\\/en\\\/#website\"},\"datePublished\":\"2024-06-11T17:57:51+00:00\",\"dateModified\":\"2024-08-21T13:15:46+00:00\",\"description\":\"Finding ingenious technological solutions to your complex challenges: that\u2019swhat CIMMI, the Digital Imaging and Interactive Media Center, does.\",\"breadcrumb\":{\"@id\":\"https:\\\/\\\/cimmi.ca\\\/en\\\/about\\\/#breadcrumb\"},\"inLanguage\":\"en-US\",\"potentialAction\":[{\"@type\":\"ReadAction\",\"target\":[\"https:\\\/\\\/cimmi.ca\\\/en\\\/about\\\/\"]}]},{\"@type\":\"BreadcrumbList\",\"@id\":\"https:\\\/\\\/cimmi.ca\\\/en\\\/about\\\/#breadcrumb\",\"itemListElement\":[{\"@type\":\"ListItem\",\"position\":1,\"name\":\"Home\",\"item\":\"https:\\\/\\\/cimmi.ca\\\/en\\\/\"},{\"@type\":\"ListItem\",\"position\":2,\"name\":\"About\"}]},{\"@type\":\"WebSite\",\"@id\":\"https:\\\/\\\/cimmi.ca\\\/en\\\/#website\",\"url\":\"https:\\\/\\\/cimmi.ca\\\/en\\\/\",\"name\":\"CIMMI\",\"description\":\"Imagerie et Exp\u00e9rience Interactive\",\"publisher\":{\"@id\":\"https:\\\/\\\/cimmi.ca\\\/en\\\/#organization\"},\"alternateName\":\"Centre en imagerie num\u00e9rique et m\u00e9dias interactifs\",\"potentialAction\":[{\"@type\":\"SearchAction\",\"target\":{\"@type\":\"EntryPoint\",\"urlTemplate\":\"https:\\\/\\\/cimmi.ca\\\/en\\\/?s={search_term_string}\"},\"query-input\":{\"@type\":\"PropertyValueSpecification\",\"valueRequired\":true,\"valueName\":\"search_term_string\"}}],\"inLanguage\":\"en-US\"},{\"@type\":\"Organization\",\"@id\":\"https:\\\/\\\/cimmi.ca\\\/en\\\/#organization\",\"name\":\"CIMMI\",\"alternateName\":\"Centre en imagerie num\u00e9rique et m\u00e9dias interactifs\",\"url\":\"https:\\\/\\\/cimmi.ca\\\/en\\\/\",\"logo\":{\"@type\":\"ImageObject\",\"inLanguage\":\"en-US\",\"@id\":\"https:\\\/\\\/cimmi.ca\\\/en\\\/#\\\/schema\\\/logo\\\/image\\\/\",\"url\":\"https:\\\/\\\/cimmi.s3.bhs.io.cloud.ovh.net\\\/2024\\\/10\\\/cimmi-logovertical-rgb.png\",\"contentUrl\":\"https:\\\/\\\/cimmi.s3.bhs.io.cloud.ovh.net\\\/2024\\\/10\\\/cimmi-logovertical-rgb.png\",\"width\":1321,\"height\":1778,\"caption\":\"CIMMI\"},\"image\":{\"@id\":\"https:\\\/\\\/cimmi.ca\\\/en\\\/#\\\/schema\\\/logo\\\/image\\\/\"},\"sameAs\":[\"https:\\\/\\\/www.facebook.com\\\/cimmi.ca\\\/\",\"https:\\\/\\\/www.linkedin.com\\\/company\\\/cimmi\\\/\",\"https:\\\/\\\/www.youtube.com\\\/user\\\/CIMMIQC\"]}]}<\/script>\n<!-- \/ Yoast SEO plugin. -->","yoast_head_json":{"title":"CIMMI: A Center for Innovation and Applied Research","description":"Finding ingenious technological solutions to your complex challenges: that\u2019swhat CIMMI, the Digital Imaging and Interactive Media Center, does.","robots":{"index":"index","follow":"follow","max-snippet":"max-snippet:-1","max-image-preview":"max-image-preview:large","max-video-preview":"max-video-preview:-1"},"canonical":"https:\/\/cimmi.ca\/en\/about\/","og_locale":"en_US","og_type":"article","og_title":"CIMMI: A Center for Innovation and Applied Research","og_description":"Finding ingenious technological solutions to your complex challenges: that\u2019swhat CIMMI, the Digital Imaging and Interactive Media Center, does.","og_url":"https:\/\/cimmi.ca\/en\/about\/","og_site_name":"Cimmi","article_publisher":"https:\/\/www.facebook.com\/cimmi.ca\/","article_modified_time":"2024-08-21T13:15:46+00:00","og_image":[{"width":1321,"height":1778,"url":"https:\/\/cimmi.s3.bhs.io.cloud.ovh.net\/2024\/10\/cimmi-logovertical-rgb.png","type":"image\/png"}],"twitter_card":"summary_large_image","twitter_misc":{"Est. reading time":"1 minute"},"schema":{"@context":"https:\/\/schema.org","@graph":[{"@type":"WebPage","@id":"https:\/\/cimmi.ca\/en\/about\/","url":"https:\/\/cimmi.ca\/en\/about\/","name":"CIMMI: A Center for Innovation and Applied Research","isPartOf":{"@id":"https:\/\/cimmi.ca\/en\/#website"},"datePublished":"2024-06-11T17:57:51+00:00","dateModified":"2024-08-21T13:15:46+00:00","description":"Finding ingenious technological solutions to your complex challenges: that\u2019swhat CIMMI, the Digital Imaging and Interactive Media Center, does.","breadcrumb":{"@id":"https:\/\/cimmi.ca\/en\/about\/#breadcrumb"},"inLanguage":"en-US","potentialAction":[{"@type":"ReadAction","target":["https:\/\/cimmi.ca\/en\/about\/"]}]},{"@type":"BreadcrumbList","@id":"https:\/\/cimmi.ca\/en\/about\/#breadcrumb","itemListElement":[{"@type":"ListItem","position":1,"name":"Home","item":"https:\/\/cimmi.ca\/en\/"},{"@type":"ListItem","position":2,"name":"About"}]},{"@type":"WebSite","@id":"https:\/\/cimmi.ca\/en\/#website","url":"https:\/\/cimmi.ca\/en\/","name":"CIMMI","description":"Imagerie et Exp\u00e9rience Interactive","publisher":{"@id":"https:\/\/cimmi.ca\/en\/#organization"},"alternateName":"Centre en imagerie num\u00e9rique et m\u00e9dias interactifs","potentialAction":[{"@type":"SearchAction","target":{"@type":"EntryPoint","urlTemplate":"https:\/\/cimmi.ca\/en\/?s={search_term_string}"},"query-input":{"@type":"PropertyValueSpecification","valueRequired":true,"valueName":"search_term_string"}}],"inLanguage":"en-US"},{"@type":"Organization","@id":"https:\/\/cimmi.ca\/en\/#organization","name":"CIMMI","alternateName":"Centre en imagerie num\u00e9rique et m\u00e9dias interactifs","url":"https:\/\/cimmi.ca\/en\/","logo":{"@type":"ImageObject","inLanguage":"en-US","@id":"https:\/\/cimmi.ca\/en\/#\/schema\/logo\/image\/","url":"https:\/\/cimmi.s3.bhs.io.cloud.ovh.net\/2024\/10\/cimmi-logovertical-rgb.png","contentUrl":"https:\/\/cimmi.s3.bhs.io.cloud.ovh.net\/2024\/10\/cimmi-logovertical-rgb.png","width":1321,"height":1778,"caption":"CIMMI"},"image":{"@id":"https:\/\/cimmi.ca\/en\/#\/schema\/logo\/image\/"},"sameAs":["https:\/\/www.facebook.com\/cimmi.ca\/","https:\/\/www.linkedin.com\/company\/cimmi\/","https:\/\/www.youtube.com\/user\/CIMMIQC"]}]}},"_links":{"self":[{"href":"https:\/\/cimmi.ca\/en\/wp-json\/wp\/v2\/pages\/745","targetHints":{"allow":["GET"]}}],"collection":[{"href":"https:\/\/cimmi.ca\/en\/wp-json\/wp\/v2\/pages"}],"about":[{"href":"https:\/\/cimmi.ca\/en\/wp-json\/wp\/v2\/types\/page"}],"author":[{"embeddable":true,"href":"https:\/\/cimmi.ca\/en\/wp-json\/wp\/v2\/users\/1"}],"replies":[{"embeddable":true,"href":"https:\/\/cimmi.ca\/en\/wp-json\/wp\/v2\/comments?post=745"}],"version-history":[{"count":13,"href":"https:\/\/cimmi.ca\/en\/wp-json\/wp\/v2\/pages\/745\/revisions"}],"predecessor-version":[{"id":1400,"href":"https:\/\/cimmi.ca\/en\/wp-json\/wp\/v2\/pages\/745\/revisions\/1400"}],"wp:attachment":[{"href":"https:\/\/cimmi.ca\/en\/wp-json\/wp\/v2\/media?parent=745"}],"curies":[{"name":"wp","href":"https:\/\/api.w.org\/{rel}","templated":true}]}}